{"id":130,"date":"2021-09-28T01:19:29","date_gmt":"2021-09-27T23:19:29","guid":{"rendered":"https:\/\/www.testshop2.critsec.ch\/?post_type=product&#038;p=130"},"modified":"2021-09-28T01:19:41","modified_gmt":"2021-09-27T23:19:41","slug":"mcchrystals-snuff-4-4g","status":"publish","type":"product","link":"https:\/\/www.testshop2.critsec.ch\/index.php\/produkt\/mcchrystals-snuff-4-4g\/","title":{"rendered":"McChrystal&#8217;s Snuff, 4.4g"},"content":{"rendered":"<p>Dieser Schnupf ist sehr stark und ist nur f\u00fcr &#171;hartgesottene&#187; Schnupfer. Es ist sicher der st\u00e4rkste Schnupf, der auf dem Markt erh\u00e4ltlich ist und garantiert einen kurzen &#171;flash&#187; im Kopf und ein &#171;beissen&#187; in der Nase.<\/p>\n","protected":false},"excerpt":{"rendered":"<p>4.4g<\/p>\n","protected":false},"featured_media":160,"comment_status":"open","ping_status":"closed","template":"","meta":[],"product_cat":[36,34],"product_tag":[],"class_list":["post-130","product","type-product","status-publish","has-post-thumbnail","hentry","product_cat-mcchrystals","product_cat-schnupftabak"],"_links":{"self":[{"href":"https:\/\/www.testshop2.critsec.ch\/index.php\/wp-json\/wp\/v2\/product\/130","targetHints":{"allow":["GET"]}}],"collection":[{"href":"https:\/\/www.testshop2.critsec.ch\/index.php\/wp-json\/wp\/v2\/product"}],"about":[{"href":"https:\/\/www.testshop2.critsec.ch\/index.php\/wp-json\/wp\/v2\/types\/product"}],"replies":[{"embeddable":true,"href":"https:\/\/www.testshop2.critsec.ch\/index.php\/wp-json\/wp\/v2\/comments?post=130"}],"wp:featuredmedia":[{"embeddable":true,"href":"https:\/\/www.testshop2.critsec.ch\/index.php\/wp-json\/wp\/v2\/media\/160"}],"wp:attachment":[{"href":"https:\/\/www.testshop2.critsec.ch\/index.php\/wp-json\/wp\/v2\/media?parent=130"}],"wp:term":[{"taxonomy":"product_cat","embeddable":true,"href":"https:\/\/www.testshop2.critsec.ch\/index.php\/wp-json\/wp\/v2\/product_cat?post=130"},{"taxonomy":"product_tag","embeddable":true,"href":"https:\/\/www.testshop2.critsec.ch\/index.php\/wp-json\/wp\/v2\/product_tag?post=130"}],"curies":[{"name":"wp","href":"https:\/\/api.w.org\/{rel}","templated":true}]}}